{"id":67,"date":"2022-09-13T11:45:37","date_gmt":"2022-09-13T11:45:37","guid":{"rendered":"https:\/\/dona-pasta.de\/?page_id=67"},"modified":"2025-03-25T09:44:16","modified_gmt":"2025-03-25T09:44:16","slug":"impressum","status":"publish","type":"page","link":"https:\/\/dona-pasta.de\/?page_id=67","title":{"rendered":"Impressum"},"content":{"rendered":"\n<figure class=\"wp-block-image size-large is-resized\"><img fetchpriority=\"high\" decoding=\"async\" width=\"1024\" height=\"724\" src=\"https:\/\/dona-pasta.de\/wp-content\/uploads\/2022\/09\/def55c2d-02ad-483b-a9ba-c74872ace21e-e1663521740639-1024x724.jpg\" alt=\"\" class=\"wp-image-41\" style=\"width:512px;height:362px\" srcset=\"https:\/\/dona-pasta.de\/wp-content\/uploads\/2022\/09\/def55c2d-02ad-483b-a9ba-c74872ace21e-e1663521740639-1024x724.jpg 1024w, https:\/\/dona-pasta.de\/wp-content\/uploads\/2022\/09\/def55c2d-02ad-483b-a9ba-c74872ace21e-e1663521740639-300x212.jpg 300w, https:\/\/dona-pasta.de\/wp-content\/uploads\/2022\/09\/def55c2d-02ad-483b-a9ba-c74872ace21e-e1663521740639-768x543.jpg 768w, https:\/\/dona-pasta.de\/wp-content\/uploads\/2022\/09\/def55c2d-02ad-483b-a9ba-c74872ace21e-e1663521740639-1536x1086.jpg 1536w, https:\/\/dona-pasta.de\/wp-content\/uploads\/2022\/09\/def55c2d-02ad-483b-a9ba-c74872ace21e-e1663521740639.jpg 1754w\" sizes=\"(max-width: 1024px) 100vw, 1024px\" \/><\/figure>\n\n\n\n<h2 class=\"wp-block-heading\">Do\u00f1a Pasta<\/h2>\n\n\n\n<h2 class=\"wp-block-heading\">Inh. Tina Winter<\/h2>\n\n\n\n<p>Kontakt:<\/p>\n\n\n\n<p><a href=\"mailto:tina@dona-pasta.de\">tina@dona-pasta.de<\/a><\/p>\n\n\n\n<p>+49 151 611 067 62<\/p>\n\n\n\n<p>Rheinstra\u00dfe 21, 06846 Dessau-Ro\u00dflau<\/p>\n\n\n\n<p>Ust-IdNr 114\/28700\/378<\/p>\n","protected":false},"excerpt":{"rendered":"<p>Do\u00f1a Pasta Inh. Tina Winter Kontakt: tina@dona-pasta.de +49 151 611 067 62 Rheinstra\u00dfe 21, 06846 Dessau-Ro\u00dflau Ust-IdNr 114\/28700\/378<\/p>\n","protected":false},"author":2,"featured_media":0,"parent":0,"menu_order":0,"comment_status":"closed","ping_status":"closed","template":"elementor_theme","meta":{"footnotes":""},"class_list":["post-67","page","type-page","status-publish","hentry"],"aioseo_notices":[],"_links":{"self":[{"href":"https:\/\/dona-pasta.de\/index.php?rest_route=\/wp\/v2\/pages\/67"}],"collection":[{"href":"https:\/\/dona-pasta.de\/index.php?rest_route=\/wp\/v2\/pages"}],"about":[{"href":"https:\/\/dona-pasta.de\/index.php?rest_route=\/wp\/v2\/types\/page"}],"author":[{"embeddable":true,"href":"https:\/\/dona-pasta.de\/index.php?rest_route=\/wp\/v2\/users\/2"}],"replies":[{"embeddable":true,"href":"https:\/\/dona-pasta.de\/index.php?rest_route=%2Fwp%2Fv2%2Fcomments&post=67"}],"version-history":[{"count":6,"href":"https:\/\/dona-pasta.de\/index.php?rest_route=\/wp\/v2\/pages\/67\/revisions"}],"predecessor-version":[{"id":732,"href":"https:\/\/dona-pasta.de\/index.php?rest_route=\/wp\/v2\/pages\/67\/revisions\/732"}],"wp:attachment":[{"href":"https:\/\/dona-pasta.de\/index.php?rest_route=%2Fwp%2Fv2%2Fmedia&parent=67"}],"curies":[{"name":"wp","href":"https:\/\/api.w.org\/{rel}","templated":true}]}}